{"id":196,"date":"2024-11-25T15:11:47","date_gmt":"2024-11-25T15:11:47","guid":{"rendered":"https:\/\/plinkodemo.games\/?page_id=196"},"modified":"2024-11-25T15:12:00","modified_gmt":"2024-11-25T15:12:00","slug":"contact-us","status":"publish","type":"page","link":"https:\/\/plinkodemo.games\/de\/contact-us\/","title":{"rendered":"Kontakt"},"content":{"rendered":"<script data-noptimize=\"\" data-wpfc-render=\"false\">\n\/* <![CDATA[ *\/\nfpm_start( \"true\" );\n\/* ]]> *\/\n<\/script>\n<div class=\"fpm_start\"><\/div>\n<div style=\"display:none\" class=\"fm-form-container fm-theme1\"><div id=\"fm-pages1\" class=\"fm-pages wdform_page_navigation\" show_title=\"\" show_numbers=\"1\" type=\"none\"><\/div><form name=\"form1\" action=\"\/wp-json\/wp\/v2\/pages\/196\/\" method=\"post\" id=\"form1\" class=\"fm-form form1\" enctype=\"multipart\/form-data\" data-trp-original-action=\"\/de\/wp-json\/wp\/v2\/pages\/196\/\"><input type=\"hidden\" id=\"counter1\" value=\"7\" name=\"counter1\" \/><input type=\"hidden\" id=\"Itemid1\" value=\"\" name=\"Itemid1\" \/><input type=\"text\" class=\"fm-hide\" id=\"fm_bot_validation1\" value=\"\" name=\"fm_bot_validation1\" \/><input type=\"text\" class=\"fm-hide\" id=\"fm_empty_field_validation1\" value=\"\" name=\"fm_empty_field_validation1\" data-value=\"cf6000eb69e211f1683563d7bb397511\" \/><input type=\"hidden\" id=\"fm_form_nonce1\" name=\"fm_form_nonce1\" value=\"e75f26991a\" \/><input type=\"hidden\" name=\"_wp_http_referer\" value=\"\/de\/wp-json\/wp\/v2\/pages\/196\/\" \/><div class=\"fm-header-bg\"><div class=\"fm-header\"><div class=\"fm-header-text\">          <div class=\"fm-header-title\">            Kontakt          <\/div>          <div class=\"fm-header-description\">            <div class=\"fm-header-bg\" style=\"box-sizing: border-box; margin: 0px; padding: 0px; border: 0px; vertical-align: baseline; -webkit-tap-highlight-color: rgba(0, 0, 0, 0); color: #2e3246; font-family: Roboto, sans-serif; outline: 0px !important; outline-offset: 0px !important;\"><div class=\"fm-header\" style=\"box-sizing: border-box; margin: 0px; padding: 0px; border: 0px; vertical-align: middle; -webkit-tap-highlight-color: rgba(0, 0, 0, 0); display: table; text-align: center; outline: 0px !important; outline-offset: 0px !important;\"><div class=\"fm-header-text\" style=\"box-sizing: border-box; margin: 0px; padding: 0px; border: 0px; vertical-align: baseline; -webkit-tap-highlight-color: rgba(0, 0, 0, 0); outline: 0px !important; outline-offset: 0px !important;\"><div class=\"fm-header-description\" style=\"box-sizing: border-box; margin: 0px; padding: 0px; border: 0px; font-size: 15px; vertical-align: baseline; -webkit-tap-highlight-color: rgba(0, 0, 0, 0); text-align: justify; outline: 0px !important; outline-offset: 0px !important;\">Wann immer Sie professionelle Hilfe ben\u00f6tigen, Fragen haben oder Kommentare oder Feedback hinterlassen m\u00f6chten, bitten wir Sie, das Formular zu verwenden. F\u00fchlen Sie sich frei, es bei Bedarf auszuf\u00fcllen.<\/div><\/div><\/div><\/div>          <\/div>        <\/div><\/div><\/div><div class=\"wdform-page-and-images fm-form-builder\"><div id=\"1form_view1\" class=\"wdform_page\" page_title=\"Untitled page\" next_title=\"Next\" next_type=\"text\" next_class=\"wdform-page-button\" next_checkable=\"true\" previous_title=\"Previous\" previous_type=\"text\" previous_class=\"wdform-page-button\" previous_checkable=\"false\"><div class=\"wdform_section\"><div class=\"wdform_column\"><div wdid=\"4\" class=\"wdform_row\" style=\"position: relative; left: 0px; top: 0px;\"><div type=\"type_text\" class=\"wdform-field wd-width-100 wd-flex wd-flex-column\"><div class=\"wdform-label-section wd-width-100  wd-flex-row wd-align-items-center\">    <label  for=\"wdform_4_element1\" class=\"wdform-label\">Thema<\/label><span class=\"wdform-required\">*<\/span><\/div><div class=\"wdform-element-section wd-flex  wd-flex-row wd-align-items-center wd-width-100\" ><input type=\"text\"                           class=\"wd-width-100\"                           id=\"wdform_4_element1\"                           name=\"wdform_4_element1\"                           value=\"\"                           title=\"\"                           placeholder=\"\"                                                       \/><\/div><\/div><\/div><\/div><div class=\"wdform_column\"><div wdid=\"2\" class=\"wdform_row\"><div type=\"type_text\" class=\"wdform-field wd-width-100 wd-flex wd-flex-column\"><div class=\"wdform-label-section wd-width-100  wd-flex-row wd-align-items-center\">    <label  for=\"wdform_2_element1\" class=\"wdform-label\">Name<\/label><span class=\"wdform-required\">*<\/span><\/div><div class=\"wdform-element-section wd-flex  wd-flex-row wd-align-items-center wd-width-100\" ><input type=\"text\"                           class=\"wd-width-100\"                           id=\"wdform_2_element1\"                           name=\"wdform_2_element1\"                           value=\"\"                           title=\"\"                           placeholder=\"\"                                                       \/><\/div><\/div><\/div><\/div><div class=\"wdform_column\"><div wdid=\"3\" class=\"wdform_row\"><div type=\"type_submitter_mail\" class=\"wdform-field wd-width-100 wd-flex wd-flex-column\"><div class=\"wdform-label-section wd-width-100  wd-flex-row\">    <label  for=\"wdform_3_element1\" class=\"wdform-label\">E-Mail<\/label><span class=\"wdform-required\">*<\/span><\/div><div class=\"wdform-element-section wd-flex  wd-flex-row wd-width-100\" ><input type=\"text\" class=\"wd-width-100\" id=\"wdform_3_element1\" name=\"wdform_3_element1\" value=\"\" title=\"\" placeholder=\"\"   onchange=\"wd_check_email('3', '1', 'This is not a valid email address.')\" \/><\/div><\/div><\/div><\/div><div class=\"wdform_column\"><div wdid=\"5\" class=\"wdform_row\" style=\"position: relative; left: 0px; top: 0px;\"><div type=\"type_textarea\" class=\"wdform-field wd-width-100 wd-flex wd-flex-column\"><div class=\"wdform-label-section wd-width-100\">    <label  for=\"wdform_5_element1\" class=\"wdform-label\">Nachricht<\/label><span class=\"wdform-required\">*<\/span><\/div><div class=\"wdform-element-section wd-flex  wd-width-100\" ><textarea class=\"wd-width-100\"                      id=\"wdform_5_element1\"                      name=\"wdform_5_element1\"                      placeholder=\"\"                      style=\"height: 100px;\"                      ><\/textarea><\/div><\/div><\/div><\/div><div class=\"wdform_column\"><div wdid=\"6\" class=\"wdform_row\"><div type=\"type_recaptcha\" class=\"wdform-field wd-width-100 wd-flex wd-flex-row\"><div class=\"wdform-label-section wd-width-30 wd-flex-row wd-hidden\">    <label  class=\"wdform-label\">reCAPTCHA<\/label><\/div><div class=\"wdform-element-section wd-flex wd-flex-row wd-width-100\" ><div id=\"recaptcha16\" class=\"g-recaptcha\" data-sitekey=\"6LcdBz0qAAAAAK4W2y_iXePqBOY-g28xQlLSTK4w\" data-form_id=\"1\" data-badge=\"bottomright\"><\/div><\/div><\/div><\/div><div wdid=\"1\" class=\"wdform_row\" style=\"position: relative; left: 0px; top: 0px;\"><div type=\"type_submit_reset\" class=\"wdform-field wd-width-100 wd-flex wd-flex-column\"><div class=\"wdform-element-section wd-flex  wd-flex-row wd-justify-content-left wd-width-100\" ><button  type=\"button\" class=\"button-submit\" onclick=\"fm_submit_form('1');\"  data-ajax=\"0\"><span class=\"fm-submit-loading spinner fm-ico-spinner\"><\/span>Einreichen<\/button><button  type=\"button\" class=\"button-reset wd-hidden\" onclick=\"fm_reset_form(1);\" >Zur\u00fccksetzen<\/button><\/div><\/div><\/div><\/div><\/div><div valign=\"top\" class=\"wdform_footer wd-width-100\"><div class=\"wd-width-100\"><div class=\"wd-width-100 wd-table\" style=\"padding-top:10px;\"><div class=\"wd-table-group\"><div id=\"1page_nav1\" class=\"wd-table-row\"><\/div><\/div><\/div><\/div><\/div><\/div><\/div><div class=\"wdform_preload\"><\/div><input type=\"hidden\" name=\"trp-form-language\" value=\"de\"\/><\/form><\/div>\n<div class=\"fpm_end\"><\/div>","protected":false},"excerpt":{"rendered":"","protected":false},"author":1,"featured_media":0,"parent":0,"menu_order":0,"comment_status":"closed","ping_status":"closed","template":"page-no-sidebar.php","meta":{"footnotes":""},"class_list":["post-196","page","type-page","status-publish","hentry"],"yoast_head":"<!-- This site is optimized with the Yoast SEO plugin v23.7 - https:\/\/yoast.com\/wordpress\/plugins\/seo\/ -->\n<title>Contact Us - plinkodemo.games<\/title>\n<meta name=\"description\" content=\"For any questions, problems, or recommendations, connect with the plinkodemo.games team. Fill out the form to contact us today.\" \/>\n<meta name=\"robots\" content=\"index, follow, max-snippet:-1, max-image-preview:large, max-video-preview:-1\" \/>\n<link rel=\"canonical\" href=\"https:\/\/plinkodemo.games\/de\/contact-us\/\" \/>\n<meta property=\"og:locale\" content=\"de_DE\" \/>\n<meta property=\"og:type\" content=\"article\" \/>\n<meta property=\"og:title\" content=\"Contact Us - plinkodemo.games\" \/>\n<meta property=\"og:description\" content=\"For any questions, problems, or recommendations, connect with the plinkodemo.games team. Fill out the form to contact us today.\" \/>\n<meta property=\"og:url\" content=\"https:\/\/plinkodemo.games\/de\/contact-us\/\" \/>\n<meta property=\"og:site_name\" content=\"plinkodemo.games\" \/>\n<meta property=\"article:modified_time\" content=\"2024-11-25T15:12:00+00:00\" \/>\n<meta name=\"twitter:card\" content=\"summary_large_image\" \/>\n<meta name=\"twitter:label1\" content=\"Gesch\u00e4tzte Lesezeit\" \/>\n\t<meta name=\"twitter:data1\" content=\"1\u00a0Minute\" \/>\n<!-- \/ Yoast SEO plugin. -->","yoast_head_json":{"title":"Contact Us - plinkodemo.games","description":"For any questions, problems, or recommendations, connect with the plinkodemo.games team. Fill out the form to contact us today.","robots":{"index":"index","follow":"follow","max-snippet":"max-snippet:-1","max-image-preview":"max-image-preview:large","max-video-preview":"max-video-preview:-1"},"canonical":"https:\/\/plinkodemo.games\/de\/contact-us\/","og_locale":"de_DE","og_type":"article","og_title":"Contact Us - plinkodemo.games","og_description":"For any questions, problems, or recommendations, connect with the plinkodemo.games team. Fill out the form to contact us today.","og_url":"https:\/\/plinkodemo.games\/de\/contact-us\/","og_site_name":"plinkodemo.games","article_modified_time":"2024-11-25T15:12:00+00:00","twitter_card":"summary_large_image","twitter_misc":{"Gesch\u00e4tzte Lesezeit":"1\u00a0Minute"},"schema":{"@context":"https:\/\/schema.org","@graph":[{"@type":"WebPage","@id":"https:\/\/plinkodemo.games\/contact-us\/","url":"https:\/\/plinkodemo.games\/contact-us\/","name":"Contact Us - plinkodemo.games","isPartOf":{"@id":"https:\/\/plinkodemo.games\/#website"},"datePublished":"2024-11-25T15:11:47+00:00","dateModified":"2024-11-25T15:12:00+00:00","description":"For any questions, problems, or recommendations, connect with the plinkodemo.games team. Fill out the form to contact us today.","breadcrumb":{"@id":"https:\/\/plinkodemo.games\/contact-us\/#breadcrumb"},"inLanguage":"de","potentialAction":[{"@type":"ReadAction","target":["https:\/\/plinkodemo.games\/contact-us\/"]}]},{"@type":"BreadcrumbList","@id":"https:\/\/plinkodemo.games\/contact-us\/#breadcrumb","itemListElement":[{"@type":"ListItem","position":1,"name":"Plinko Slot Indonesia","item":"https:\/\/plinkodemo.games\/"},{"@type":"ListItem","position":2,"name":"Contact Us"}]},{"@type":"WebSite","@id":"https:\/\/plinkodemo.games\/#website","url":"https:\/\/plinkodemo.games\/","name":"plinkodemo.games","description":"","publisher":{"@id":"https:\/\/plinkodemo.games\/#organization"},"potentialAction":[{"@type":"SearchAction","target":{"@type":"EntryPoint","urlTemplate":"https:\/\/plinkodemo.games\/?s={search_term_string}"},"query-input":{"@type":"PropertyValueSpecification","valueRequired":true,"valueName":"search_term_string"}}],"inLanguage":"de"},{"@type":"Organization","@id":"https:\/\/plinkodemo.games\/#organization","name":"plinkodemo.games","url":"https:\/\/plinkodemo.games\/","logo":{"@type":"ImageObject","inLanguage":"de","@id":"https:\/\/plinkodemo.games\/#\/schema\/logo\/image\/","url":"https:\/\/plinkodemo.games\/wp-content\/uploads\/2024\/11\/logotype-plinko.png","contentUrl":"https:\/\/plinkodemo.games\/wp-content\/uploads\/2024\/11\/logotype-plinko.png","width":1000,"height":345,"caption":"plinkodemo.games"},"image":{"@id":"https:\/\/plinkodemo.games\/#\/schema\/logo\/image\/"}}]}},"_links":{"self":[{"href":"https:\/\/plinkodemo.games\/de\/wp-json\/wp\/v2\/pages\/196","targetHints":{"allow":["GET"]}}],"collection":[{"href":"https:\/\/plinkodemo.games\/de\/wp-json\/wp\/v2\/pages"}],"about":[{"href":"https:\/\/plinkodemo.games\/de\/wp-json\/wp\/v2\/types\/page"}],"author":[{"embeddable":true,"href":"https:\/\/plinkodemo.games\/de\/wp-json\/wp\/v2\/users\/1"}],"replies":[{"embeddable":true,"href":"https:\/\/plinkodemo.games\/de\/wp-json\/wp\/v2\/comments?post=196"}],"version-history":[{"count":1,"href":"https:\/\/plinkodemo.games\/de\/wp-json\/wp\/v2\/pages\/196\/revisions"}],"predecessor-version":[{"id":197,"href":"https:\/\/plinkodemo.games\/de\/wp-json\/wp\/v2\/pages\/196\/revisions\/197"}],"wp:attachment":[{"href":"https:\/\/plinkodemo.games\/de\/wp-json\/wp\/v2\/media?parent=196"}],"curies":[{"name":"wp","href":"https:\/\/api.w.org\/{rel}","templated":true}]}}